{"id":1188,"date":"2015-02-23T11:11:41","date_gmt":"2015-02-23T10:11:41","guid":{"rendered":"https:\/\/www.hotel-bodensee.at\/welcome-in-the-center-2\/"},"modified":"2024-04-22T15:13:47","modified_gmt":"2024-04-22T13:13:47","slug":"benvenuti-nel-centro-2","status":"publish","type":"page","link":"https:\/\/www.hotel-bodensee.at\/it\/","title":{"rendered":"Benvenuti nel centro"},"content":{"rendered":"<div id='av_section_1'  class='avia-section av-x1d0yc-85ef29932f0dd537c6188096b82696fd alternate_color avia-section-default avia-no-border-styling  avia-builder-el-0  el_before_av_layout_row  avia-builder-el-first  avia-bg-style-scroll av-minimum-height av-minimum-height-50 av-height-50  container_wrap fullsize'   data-av_minimum_height_pc='50' data-av_min_height_opt='50'><div class='container av-section-cont-open' ><main  role=\"main\" itemprop=\"mainContentOfPage\"  class='template-page content  av-content-full alpha units'><div class='post-entry post-entry-type-page post-entry-1188'><div class='entry-content-wrapper clearfix'>\n\n<style type=\"text\/css\" data-created_by=\"avia_inline_auto\" id=\"style-css-av-up6z5w-86fda46beb5ab962360a361c4530568f\">\n.flex_column.av-up6z5w-86fda46beb5ab962360a361c4530568f{\nborder-radius:0px 0px 0px 0px;\npadding:0px 0px 0px 0px;\n}\n<\/style>\n<div  class='flex_column av-up6z5w-86fda46beb5ab962360a361c4530568f av_one_fourth  avia-builder-el-1  el_before_av_two_fifth  avia-builder-el-first  first flex_column_div av-zero-column-padding  '     ><\/div>\n<style type=\"text\/css\" data-created_by=\"avia_inline_auto\" id=\"style-css-av-syabdw-5ff503eb18ea569f1472020fd8a28d0d\">\n.flex_column.av-syabdw-5ff503eb18ea569f1472020fd8a28d0d{\nborder-radius:0px 0px 0px 0px;\npadding:0px 0px 0px 0px;\n}\n<\/style>\n<div  class='flex_column av-syabdw-5ff503eb18ea569f1472020fd8a28d0d av_two_fifth  avia-builder-el-2  el_after_av_one_fourth  avia-builder-el-last  flex_column_div av-zero-column-padding  '     ><style type=\"text\/css\" data-created_by=\"avia_inline_auto\" id=\"style-css-av-2son10-361dea79d42638482189e0403cec05ed\">\n#top .av-special-heading.av-2son10-361dea79d42638482189e0403cec05ed{\npadding-bottom:10px;\ncolor:#ffffff;\n}\nbody .av-special-heading.av-2son10-361dea79d42638482189e0403cec05ed .av-special-heading-tag .heading-char{\nfont-size:25px;\n}\n.av-special-heading.av-2son10-361dea79d42638482189e0403cec05ed .special-heading-inner-border{\nborder-color:#ffffff;\n}\n.av-special-heading.av-2son10-361dea79d42638482189e0403cec05ed .av-subheading{\nfont-size:15px;\n}\n<\/style>\n<div  class='av-special-heading av-2son10-361dea79d42638482189e0403cec05ed av-special-heading-h1 custom-color-heading  avia-builder-el-3  avia-builder-el-no-sibling  av-thin-font'><h1 class='av-special-heading-tag'  itemprop=\"headline\"  ><strong>Posizione perfetta<\/strong><br \/>\nin Bregenz<\/h1><div class=\"special-heading-border\"><div class=\"special-heading-inner-border\"><\/div><\/div><\/div><\/div>\n\n<\/div><\/div><\/main><!-- close content main element --><\/div><\/div><div id='intro_start'  class='av-layout-grid-container av-2lk2x0-5cbcc8e1a67d09541e47b3c59177b332 entry-content-wrapper alternate_color av-flex-cells  avia-builder-el-4  el_after_av_section  el_before_av_layout_row  grid-row-not-first  container_wrap fullsize'  >\n\n<style type=\"text\/css\" data-created_by=\"avia_inline_auto\" id=\"style-css-av-nc0alw-f1a5966717db390b87147a66cb30e2dc\">\n.flex_cell.av-nc0alw-f1a5966717db390b87147a66cb30e2dc{\nvertical-align:top;\nbackground-color:#ffffff;\n}\n.responsive #top #wrap_all .flex_cell.av-nc0alw-f1a5966717db390b87147a66cb30e2dc{\npadding:25px 25px 25px 25px !important;\n}\n<\/style>\n<div class='flex_cell av-nc0alw-f1a5966717db390b87147a66cb30e2dc av-gridrow-cell av_one_half no_margin  avia-builder-el-5  el_before_av_cell_one_fourth  avia-builder-el-first '  ><div class='flex_cell_inner'><section  class='av_textblock_section av-mzs1uc-045c0634c940509042d964c841f06eb7 '   itemscope=\"itemscope\" itemtype=\"https:\/\/schema.org\/CreativeWork\" ><div class='avia_textblock'  itemprop=\"text\" ><h2>L\u2019albergo situato direttamente nel centro e anche al lago!<\/h2>\n<p>Benvenuti a Bregenz al lago di Constanza nell\u2018albergo che sa rispondere a vostro benessere!<\/p>\n<p>L\u2019albergo Bodensee fa parte dei piccoli alberghi squisiti di Bregenz.<br \/>\nSi sente l\u2019atmofera piacevole gi\u00e0 all\u2018entrata.<br \/>\nLa mattina Le viziamo con una grande colazione (buffet) variata e deliziosa con frutta fresca, caff\u00e8 appena macinato, muesli e prodotti regionali.<\/p>\n<p>Questo \u00e8 l\u2019inizio di una nuova giornata dopo una bella notte nella Sua camera con ogni comfort. Lei pu\u00f2 trascorrere questa giornata \u2013 con la famiglia, gli amici o da solo\/a \u2013 nel paesaggio magnifico al lago di Constanza e godere della bellissima vista sulla montagna \u00abPf\u00e4nder\u00bb con la visita delle aquile.<\/p>\n<p>La sera Lei pu\u00f2 vedere l\u2019arte e la cultura, ad esempio le \u00abBregenzer Festspiele\u00bb, \u00e8 la rappresentazione di un opera sulla scena sul lago. Questo festival \u00e8 il punto culminante della vita culturale di Bregenz. O forse Lei preferisce passare una serata nel casin\u00f2 di Bregenz.<\/p>\n<p>Il team dell\u2019albergo Bodensee \u00e8 molto contento di avere il piacere di viziarLe in un ambiente accogliente e confortevole. Benvenuto\/a!<\/p>\n<\/div><\/section><br \/>\n<div  class='flex_column av-khliuc-ebb58326a854b5f1205f0e7c725b4edb av_one_third  avia-builder-el-7  el_after_av_textblock  avia-builder-el-last  first flex_column_div  column-top-margin'     ><div  class='avia-button-wrap avia-button-center  avia-builder-el-8  avia-builder-el-no-sibling '>\n<style type=\"text\/css\" data-created_by=\"avia_inline_auto\" id=\"style-css-av-kjyehnfg-18118447586df76507c96e55eeb05466\">\n#top #wrap_all .avia-button.av-kjyehnfg-18118447586df76507c96e55eeb05466{\ncolor:#ffffff;\ntransition:all 0.4s ease-in-out;\n}\n#top #wrap_all .avia-button.av-kjyehnfg-18118447586df76507c96e55eeb05466:hover{\ncolor:#ffffff;\ntransition:all 0.4s ease-in-out;\n}\n<\/style>\n<a href='https:\/\/www.hotel-bodensee.at\/it\/prezzi-2\/' class='avia-color-theme-color avia-button avia-button-fullwidth av-kjyehnfg-18118447586df76507c96e55eeb05466 avia-icon_select-yes-left-icon avia-color-theme-color'  ><span class='avia_button_icon avia_button_icon_left' aria-hidden='true' data-av_icon='\ue843' data-av_iconfont='entypo-fontello'><\/span><span class='avia_iconbox_title' >Prezzi 2021<\/span><span class='avia_button_background avia-button avia-button-fullwidth avia-color-theme-color-subtle'><\/span><\/a><\/div><\/div><\/p>\n<\/div><\/div>\n<style type=\"text\/css\" data-created_by=\"avia_inline_auto\" id=\"style-css-av-j1adms-a80f80892458d9e635be739eb97c0649\">\n.flex_cell.av-j1adms-a80f80892458d9e635be739eb97c0649{\nvertical-align:top;\nbackground-color:#ebebeb;\n}\n.responsive #top #wrap_all .flex_cell.av-j1adms-a80f80892458d9e635be739eb97c0649{\npadding:25px 25px 25px 25px !important;\n}\n<\/style>\n<div class='flex_cell av-j1adms-a80f80892458d9e635be739eb97c0649 av-gridrow-cell av_one_fourth no_margin  avia-builder-el-9  el_after_av_cell_one_half  el_before_av_cell_one_fourth '  ><div class='flex_cell_inner'><section  class='av_textblock_section av-hfoh50-abc405ce746c95591b6d486522c741af '   itemscope=\"itemscope\" itemtype=\"https:\/\/schema.org\/CreativeWork\" ><div class='avia_textblock'  itemprop=\"text\" ><h2>Hotel Bodensee<\/h2>\n<p>Hotel Bodensee GmbH<br \/>\nKornmarktstr. 22<br \/>\n6900 Bregenz, AUSTRIA<\/p>\n<p>\n<style type=\"text\/css\" data-created_by=\"avia_inline_auto\" id=\"style-css-av-fzaz1w-ea170a0fe740817ce92b4f5e49192bcf\">\n.av_font_icon.av-fzaz1w-ea170a0fe740817ce92b4f5e49192bcf .av-icon-char{\nfont-size:20px;\nline-height:20px;\n}\n<\/style>\n<span  class='av_font_icon av-fzaz1w-ea170a0fe740817ce92b4f5e49192bcf avia_animate_when_visible av-icon-style- avia-icon-pos-left av-no-color avia-icon-animate'><a href='tel:+43557442300'   class='av-icon-char' aria-hidden='true' data-av_icon='\ue854' data-av_iconfont='entypo-fontello' ><\/a><\/span> <a title=\"Telefon\" href=\"tel:+43557442300\">+43 (0)5574 42300<\/a><\/p>\n<p>\n<style type=\"text\/css\" data-created_by=\"avia_inline_auto\" id=\"style-css-av-dmq4us-528466b34364271e96c01979e2b4e99d\">\n.av_font_icon.av-dmq4us-528466b34364271e96c01979e2b4e99d .av-icon-char{\nfont-size:20px;\nline-height:20px;\n}\n<\/style>\n<span  class='av_font_icon av-dmq4us-528466b34364271e96c01979e2b4e99d avia_animate_when_visible av-icon-style- avia-icon-pos-left av-no-color avia-icon-animate'><span class='av-icon-char' aria-hidden='true' data-av_icon='\ue838' data-av_iconfont='entypo-fontello' ><\/span><\/span> +43 (0)5574 45168<\/p>\n<p>\n<style type=\"text\/css\" data-created_by=\"avia_inline_auto\" id=\"style-css-av-cm2wkk-07f70af99e1977ac9ccaa50049999a37\">\n.av_font_icon.av-cm2wkk-07f70af99e1977ac9ccaa50049999a37 .av-icon-char{\nfont-size:20px;\nline-height:20px;\n}\n<\/style>\n<span  class='av_font_icon av-cm2wkk-07f70af99e1977ac9ccaa50049999a37 avia_animate_when_visible av-icon-style- avia-icon-pos-left av-no-color avia-icon-animate'><a href='mailto:<a>info@hotel-bodensee.at <\/a>'   class='av-icon-char' aria-hidden='true' data-av_icon='\ue805' data-av_iconfont='entypo-fontello' ><\/a><\/span> <a title=\"E-Mail\" href=\"mailto:info@hotel-bodensee.at\">info@hotel-bodensee.at<\/a><\/p>\n<\/div><\/section><br \/>\n<br \/>\n<\/p>\n<\/div><\/div>\n<style type=\"text\/css\" data-created_by=\"avia_inline_auto\" id=\"style-css-av-886qxw-abaa8421427e021fd05f2a68e1483036\">\n.flex_cell.av-886qxw-abaa8421427e021fd05f2a68e1483036{\nvertical-align:middle;\n}\n.responsive #top #wrap_all .flex_cell.av-886qxw-abaa8421427e021fd05f2a68e1483036{\npadding:0px 0px 0px 0px !important;\n}\n<\/style>\n<div class='flex_cell av-886qxw-abaa8421427e021fd05f2a68e1483036 av-gridrow-cell av_one_fourth no_margin  avia-builder-el-16  el_after_av_cell_one_fourth  avia-builder-el-last  av-zero-padding'  ><div class='flex_cell_inner'><\/div><\/div><\/div><div id='vegas-background'  class='av-layout-grid-container av-65vun8-5ddffa3df89d075de2b46359bf4d66be entry-content-wrapper main_color av-flex-cells  avia-builder-el-17  el_after_av_layout_row  avia-builder-el-last  grid-row-not-first  container_wrap fullsize'  >\n\n<style type=\"text\/css\" data-created_by=\"avia_inline_auto\" id=\"style-css-av-4vjwck-dd6f8b5afa38db95429d0ecf7d58b3fa\">\n.flex_cell.av-4vjwck-dd6f8b5afa38db95429d0ecf7d58b3fa{\nvertical-align:top;\n}\n.responsive #top #wrap_all .flex_cell.av-4vjwck-dd6f8b5afa38db95429d0ecf7d58b3fa{\npadding:0px 0px 0px 0px !important;\n}\n<\/style>\n<div class='flex_cell av-4vjwck-dd6f8b5afa38db95429d0ecf7d58b3fa av-gridrow-cell av_one_full no_margin  avia-builder-el-18  avia-builder-el-no-sibling  av-zero-padding'  ><div class='flex_cell_inner'><section  class='av_textblock_section av-2cw0ck-ad939f803a9259ea1cdc84bf9ad1cccf '   itemscope=\"itemscope\" itemtype=\"https:\/\/schema.org\/CreativeWork\" ><div class='avia_textblock'  itemprop=\"text\" >\r\n<script>\r\n    jQuery( function() {\r\n    jQuery.vegas('slideshow', {\r\n    delay:5000,\r\n    backgrounds:[{ src:'https:\/\/www.hotel-bodensee.at\/wp-content\/uploads\/2017\/09\/Aussenansicht_8-2017_04b.jpg', fade:1000},{ src:'https:\/\/www.hotel-bodensee.at\/wp-content\/uploads\/2017\/09\/Aussenansicht_8-2017_04b_.jpg', fade:1000},{ src:'https:\/\/www.hotel-bodensee.at\/wp-content\/uploads\/2017\/09\/Aussenansicht_8-2017_04.jpg', fade:1000},{ src:'https:\/\/www.hotel-bodensee.at\/wp-content\/uploads\/2017\/09\/Aussenansicht_8-2017_04_.jpg', fade:1000},{ src:'https:\/\/www.hotel-bodensee.at\/wp-content\/uploads\/2017\/09\/Aussenansicht_8-2017_03.jpg', fade:1000},{ src:'https:\/\/www.hotel-bodensee.at\/wp-content\/uploads\/2017\/09\/Aussenansicht_8-2017_03_.jpg', fade:1000},{ src:'https:\/\/www.hotel-bodensee.at\/wp-content\/uploads\/2017\/09\/Aussenansicht_8-2017_02.jpg', fade:1000},{ src:'https:\/\/www.hotel-bodensee.at\/wp-content\/uploads\/2017\/09\/Aussenansicht_8-2017_02_.jpg', fade:1000},{ src:'https:\/\/www.hotel-bodensee.at\/wp-content\/uploads\/2017\/09\/Aussenansicht_8-2017_01.jpg', fade:1000},{ src:'https:\/\/www.hotel-bodensee.at\/wp-content\/uploads\/2017\/09\/Aussenansicht_8-2017_01_.jpg', fade:1000},{ src:'https:\/\/www.hotel-bodensee.at\/wp-content\/uploads\/2017\/09\/Aussenansicht_8-2017_05.jpg', fade:1000},{ src:'https:\/\/www.hotel-bodensee.at\/wp-content\/uploads\/2017\/09\/Aussenansicht_8-2017_05.jpg', fade:1000},] \r\n}) }); \r\n<\/script>\r\n<script>jQuery( function() {jQuery.vegas('pause'); });<\/script>\n<\/div><\/section>\n<\/div><\/div>\n<\/div><\/p>\n","protected":false},"excerpt":{"rendered":"","protected":false},"author":1,"featured_media":0,"parent":0,"menu_order":0,"comment_status":"open","ping_status":"closed","template":"","meta":{"_acf_changed":false,"footnotes":""},"acf":[],"_links":{"self":[{"href":"https:\/\/www.hotel-bodensee.at\/it\/wp-json\/wp\/v2\/pages\/1188"}],"collection":[{"href":"https:\/\/www.hotel-bodensee.at\/it\/wp-json\/wp\/v2\/pages"}],"about":[{"href":"https:\/\/www.hotel-bodensee.at\/it\/wp-json\/wp\/v2\/types\/page"}],"author":[{"embeddable":true,"href":"https:\/\/www.hotel-bodensee.at\/it\/wp-json\/wp\/v2\/users\/1"}],"replies":[{"embeddable":true,"href":"https:\/\/www.hotel-bodensee.at\/it\/wp-json\/wp\/v2\/comments?post=1188"}],"version-history":[{"count":13,"href":"https:\/\/www.hotel-bodensee.at\/it\/wp-json\/wp\/v2\/pages\/1188\/revisions"}],"predecessor-version":[{"id":5600,"href":"https:\/\/www.hotel-bodensee.at\/it\/wp-json\/wp\/v2\/pages\/1188\/revisions\/5600"}],"wp:attachment":[{"href":"https:\/\/www.hotel-bodensee.at\/it\/wp-json\/wp\/v2\/media?parent=1188"}],"curies":[{"name":"wp","href":"https:\/\/api.w.org\/{rel}","templated":true}]}}