{"id":1203,"date":"2015-02-26T16:29:07","date_gmt":"2015-02-26T15:29:07","guid":{"rendered":"https:\/\/www.hotel-bodensee.at\/preise-2\/"},"modified":"2021-01-15T15:41:46","modified_gmt":"2021-01-15T14:41:46","slug":"les-prix-2","status":"publish","type":"page","link":"https:\/\/www.hotel-bodensee.at\/fr\/les-prix-2\/","title":{"rendered":"Les prix"},"content":{"rendered":"<div id='av_section_1'  class='avia-section av-52hvstv-197fbbfbc6c41c77ef72bd6fb41a8631 alternate_color avia-section-default avia-no-border-styling  avia-builder-el-0  el_before_av_layout_row  avia-builder-el-first  avia-bg-style-scroll av-minimum-height av-minimum-height-50 av-height-50  container_wrap fullsize'   data-av_minimum_height_pc='50' data-av_min_height_opt='50'><div class='container av-section-cont-open' ><main  role=\"main\" itemprop=\"mainContentOfPage\"  class='template-page content  av-content-full alpha units'><div class='post-entry post-entry-type-page post-entry-1203'><div class='entry-content-wrapper clearfix'>\n<div  class='flex_column av-50gfc7n-8e15b59a5f7a3c9e5575a436e8ec5bda av_one_fourth  avia-builder-el-1  el_before_av_three_fourth  avia-builder-el-first  first flex_column_div  '     ><\/div><div  class='flex_column av-4zlsdf7-2f2d60fc1d240cdb44d2e0d76cff87b2 av_three_fourth  avia-builder-el-2  el_after_av_one_fourth  avia-builder-el-last  flex_column_div  '     ><style type=\"text\/css\" data-created_by=\"avia_inline_auto\" id=\"style-css-av-4xtyhnn-aae08c88fb30e11f9cb76e4463bbce6a\">\n#top .av-special-heading.av-4xtyhnn-aae08c88fb30e11f9cb76e4463bbce6a{\npadding-bottom:10px;\ncolor:#ffffff;\n}\nbody .av-special-heading.av-4xtyhnn-aae08c88fb30e11f9cb76e4463bbce6a .av-special-heading-tag .heading-char{\nfont-size:25px;\n}\n.av-special-heading.av-4xtyhnn-aae08c88fb30e11f9cb76e4463bbce6a .special-heading-inner-border{\nborder-color:#ffffff;\n}\n.av-special-heading.av-4xtyhnn-aae08c88fb30e11f9cb76e4463bbce6a .av-subheading{\nfont-size:15px;\n}\n<\/style>\n<div  class='av-special-heading av-4xtyhnn-aae08c88fb30e11f9cb76e4463bbce6a av-special-heading-h1 custom-color-heading  avia-builder-el-3  avia-builder-el-no-sibling  av-thin-font'><h1 class='av-special-heading-tag'  itemprop=\"headline\"  ><strong>Prix \u00e9quitables<\/strong><br \/>\ninclus<\/h1><div class=\"special-heading-border\"><div class=\"special-heading-inner-border\"><\/div><\/div><\/div><\/div>\n\n<\/div><\/div><\/main><!-- close content main element --><\/div><\/div><div id='intro'  class='av-layout-grid-container av-4wh8dib-c0b6af0840e2bc7aef78cc90b192f394 entry-content-wrapper alternate_color av-flex-cells  avia-builder-el-4  el_after_av_section  el_before_av_section  grid-row-not-first  container_wrap fullsize'  >\n\n<style type=\"text\/css\" data-created_by=\"avia_inline_auto\" id=\"style-css-av-4uainmb-49fbcb92d421574e87bee2624c82df3b\">\n.flex_cell.av-4uainmb-49fbcb92d421574e87bee2624c82df3b{\nvertical-align:top;\nbackground-color:#ffffff;\n}\n.responsive #top #wrap_all .flex_cell.av-4uainmb-49fbcb92d421574e87bee2624c82df3b{\npadding:25px 25px 25px 25px !important;\n}\n<\/style>\n<div class='flex_cell av-4uainmb-49fbcb92d421574e87bee2624c82df3b av-gridrow-cell av_one_half no_margin  avia-builder-el-5  el_before_av_cell_one_half  avia-builder-el-first '  ><div class='flex_cell_inner'><section  class='av_textblock_section av-4tjgi6b-a9d94011e6fd29b3b2b80f37f2ad5d2f '   itemscope=\"itemscope\" itemtype=\"https:\/\/schema.org\/CreativeWork\" ><div class='avia_textblock'  itemprop=\"text\" ><h2>Prix des chambres en un coup d`oeil<\/h2>\n<p>Dans nos prix toutes les taxes sont comprises. De plus ils sont par chambre, \u00a0petit-d\u00e9jeuner avec buffet riche, des fruits frais, caf\u00e9 et th\u00e9 (en chambre sans suppl\u00e9ment). Connexion Wi-Fi gratuite.<\/p>\n<p>Enfants jusqu\u2019\u00e0 4 ans sont gratuits et invit\u00e9s de notre h\u00f4tel<br \/>\n<b>Bonus d\u2019hiver:<\/b> de lundi \u00e0 jeudi, les enfants jusqu\u2019\u00e0 14 ans peuvent profiter du bonus sp\u00e9cial<\/p>\n<div id=\"attachment_552\" style=\"width: 230px\" class=\"wp-caption alignright\"><img decoding=\"async\" aria-describedby=\"caption-attachment-552\" class=\"wp-image-552\" src=\"https:\/\/www.hotel-bodensee.at\/wp-content\/uploads\/2015\/02\/bezahlsysteme.jpg\" alt=\"Visa, V Pay, Maestro, Mastercard, Bankomat\" width=\"220\" height=\"23\" srcset=\"https:\/\/www.hotel-bodensee.at\/wp-content\/uploads\/2015\/02\/bezahlsysteme.jpg 447w, https:\/\/www.hotel-bodensee.at\/wp-content\/uploads\/2015\/02\/bezahlsysteme-300x31.jpg 300w\" sizes=\"(max-width: 220px) 100vw, 220px\" \/><p id=\"caption-attachment-552\" class=\"wp-caption-text\">Nous acceptons:\u00a0Argent liquide<\/p><\/div>\n<p class=\"bodytext\"><b>Bonus sp\u00e9cial (ne pas valable pour la p\u00e9riode du festival):<br \/>\n<\/b>\u00e0 partir de 3 nuits rabais de 5 % sur le prix catalogue<br \/>\n\u00e0 partir de 6 nuits rabais de 10 % sur le prix catalogue<\/p>\n<p class=\"bodytext\">*Les prix inclusent le d\u00e9jeuner sous forme d\u2019un grand buffet vari\u00e9 avec des fruits frais, un bar du caf\u00e9 et du th\u00e9 dans la chambre et une connexion Wi-Fi gratuite<\/p>\n<\/div><\/section><br \/>\n<div  class='flex_column av-4ritenn-0603c602eb06161ccbbac759444a1a09 av_one_third  avia-builder-el-7  el_after_av_textblock  el_before_av_one_third  first flex_column_div  column-top-margin'     ><div  class='avia-button-wrap avia-button-center  avia-builder-el-8  avia-builder-el-no-sibling '>\n<style type=\"text\/css\" data-created_by=\"avia_inline_auto\" id=\"style-css-av-kjwxtekm-aff1e6cab855038b77bdbeb6b73305eb\">\n#top #wrap_all .avia-button.av-kjwxtekm-aff1e6cab855038b77bdbeb6b73305eb{\ncolor:#ffffff;\ntransition:all 0.4s ease-in-out;\n}\n#top #wrap_all .avia-button.av-kjwxtekm-aff1e6cab855038b77bdbeb6b73305eb:hover{\ncolor:#ffffff;\ntransition:all 0.4s ease-in-out;\n}\n<\/style>\n<a href='#zimmerpreise' class='avia-color-theme-color avia-button avia-button-fullwidth av-kjwxtekm-aff1e6cab855038b77bdbeb6b73305eb avia-icon_select-yes-right-icon avia-color-theme-color'  ><span class='avia_iconbox_title' >Les prix<br \/>\n<\/span><span class='avia_button_icon avia_button_icon_right' aria-hidden='true' data-av_icon='\ue887' data-av_iconfont='entypo-fontello'><\/span><span class='avia_button_background avia-button avia-button-fullwidth avia-color-theme-color-subtle'><\/span><\/a><\/div><\/div>\n<style type=\"text\/css\" data-created_by=\"avia_inline_auto\" id=\"style-css-av-4pmu4sz-ffb0d4cf8d663ea8847f4cca4a7a9504\">\n.flex_column.av-4pmu4sz-ffb0d4cf8d663ea8847f4cca4a7a9504{\nborder-radius:0px 0px 0px 0px;\npadding:0px 0px 0px 0px;\n}\n<\/style>\n<div  class='flex_column av-4pmu4sz-ffb0d4cf8d663ea8847f4cca4a7a9504 av_one_third  avia-builder-el-9  el_after_av_one_third  el_before_av_one_third  flex_column_div av-zero-column-padding  column-top-margin'     ><div  class='avia-button-wrap avia-button-center  avia-builder-el-10  avia-builder-el-no-sibling '>\n<style type=\"text\/css\" data-created_by=\"avia_inline_auto\" id=\"style-css-av-4nhpfdv-17108cd457c94b7426453617173db8bd\">\n#top #wrap_all .avia-button.av-4nhpfdv-17108cd457c94b7426453617173db8bd{\ncolor:#ffffff;\ntransition:all 0.4s ease-in-out;\n}\n#top #wrap_all .avia-button.av-4nhpfdv-17108cd457c94b7426453617173db8bd:hover{\ncolor:#ffffff;\ntransition:all 0.4s ease-in-out;\n}\n<\/style>\n<a href='#festspielpreise' class='avia-color-theme-color avia-button avia-button-fullwidth av-4nhpfdv-17108cd457c94b7426453617173db8bd avia-icon_select-yes-right-icon avia-color-theme-color'  ><span class='avia_iconbox_title' >Les prix<br \/>\n(festival)<\/span><span class='avia_button_icon avia_button_icon_right' aria-hidden='true' data-av_icon='\ue887' data-av_iconfont='entypo-fontello'><\/span><span class='avia_button_background avia-button avia-button-fullwidth avia-color-theme-color-subtle'><\/span><\/a><\/div><\/div>\n<style type=\"text\/css\" data-created_by=\"avia_inline_auto\" id=\"style-css-av-gn60zn-a24416158f7690d9610e7d464d65acaf\">\n.flex_column.av-gn60zn-a24416158f7690d9610e7d464d65acaf{\nborder-radius:0px 0px 0px 0px;\npadding:0px 0px 0px 0px;\n}\n<\/style>\n<div  class='flex_column av-gn60zn-a24416158f7690d9610e7d464d65acaf av_one_third  avia-builder-el-11  el_after_av_one_third  avia-builder-el-last  flex_column_div av-zero-column-padding  column-top-margin'     ><div  class='avia-button-wrap avia-button-center  avia-builder-el-12  avia-builder-el-no-sibling '>\n<style type=\"text\/css\" data-created_by=\"avia_inline_auto\" id=\"style-css-av-4koxlj7-8e21d30038431f34572d34eeab9e49ea\">\n#top #wrap_all .avia-button.av-4koxlj7-8e21d30038431f34572d34eeab9e49ea{\ncolor:#ffffff;\ntransition:all 0.4s ease-in-out;\n}\n#top #wrap_all .avia-button.av-4koxlj7-8e21d30038431f34572d34eeab9e49ea:hover{\ncolor:#ffffff;\ntransition:all 0.4s ease-in-out;\n}\n<\/style>\n<a href='#kongresspreise' class='avia-color-theme-color avia-button avia-button-fullwidth av-4koxlj7-8e21d30038431f34572d34eeab9e49ea avia-icon_select-yes-right-icon avia-color-theme-color'  ><span class='avia_iconbox_title' >Les prix<br \/>\n(congr\u00e8s)<\/span><span class='avia_button_icon avia_button_icon_right' aria-hidden='true' data-av_icon='\ue887' data-av_iconfont='entypo-fontello'><\/span><span class='avia_button_background avia-button avia-button-fullwidth avia-color-theme-color-subtle'><\/span><\/a><\/div><\/div><\/p>\n<\/div><\/div>\n<style type=\"text\/css\" data-created_by=\"avia_inline_auto\" id=\"style-css-av-4j9qbib-0619d9a315d73447b8085168d88ce220\">\n.flex_cell.av-4j9qbib-0619d9a315d73447b8085168d88ce220{\nvertical-align:middle;\n}\n.responsive #top #wrap_all .flex_cell.av-4j9qbib-0619d9a315d73447b8085168d88ce220{\npadding:0px 0px 0px 0px !important;\n}\n<\/style>\n<div class='flex_cell av-4j9qbib-0619d9a315d73447b8085168d88ce220 av-gridrow-cell av_one_half no_margin  avia-builder-el-13  el_after_av_cell_one_half  avia-builder-el-last  av-zero-padding'  ><div class='flex_cell_inner'><\/div><\/div>\n<\/div>\n<div id='gap'  class='avia-section av-4hqmngz-41ea34e685893cbb8115e628676741f4 alternate_color avia-section-default avia-no-border-styling  avia-builder-el-14  el_after_av_layout_row  el_before_av_section  avia-bg-style-scroll av-minimum-height av-minimum-height-25 av-height-25  container_wrap fullsize'   data-av_minimum_height_pc='25' data-av_min_height_opt='25'><div class='container av-section-cont-open' ><div class='template-page content  av-content-full alpha units'><div class='post-entry post-entry-type-page post-entry-1203'><div class='entry-content-wrapper clearfix'>\n<\/div><\/div><\/div><!-- close content main div --><\/div><\/div><div id='zimmerpreise'  class='avia-section av-4g4tw2b-1047337e42cb7f763e16f04c3adc1c4e main_color avia-section-default avia-no-border-styling  avia-builder-el-15  el_after_av_section  el_before_av_hr  avia-bg-style-scroll container_wrap fullsize'  ><div class='container av-section-cont-open' ><div class='template-page content  av-content-full alpha units'><div class='post-entry post-entry-type-page post-entry-1203'><div class='entry-content-wrapper clearfix'>\n\n<style type=\"text\/css\" data-created_by=\"avia_inline_auto\" id=\"style-css-av-kjwxtlft-b19d614571aa71aff12bf2ebc854fa7a\">\n#top .av-special-heading.av-kjwxtlft-b19d614571aa71aff12bf2ebc854fa7a{\npadding-bottom:10px;\n}\nbody .av-special-heading.av-kjwxtlft-b19d614571aa71aff12bf2ebc854fa7a .av-special-heading-tag .heading-char{\nfont-size:25px;\n}\n.av-special-heading.av-kjwxtlft-b19d614571aa71aff12bf2ebc854fa7a .av-subheading{\nfont-size:15px;\n}\n<\/style>\n<div  class='av-special-heading av-kjwxtlft-b19d614571aa71aff12bf2ebc854fa7a av-special-heading-h2  avia-builder-el-16  el_before_av_three_fourth  avia-builder-el-first '><h2 class='av-special-heading-tag'  itemprop=\"headline\"  >Les prix 2021<\/h2><div class=\"special-heading-border\"><div class=\"special-heading-inner-border\"><\/div><\/div><\/div>\n<div  class='flex_column av-4e8h43n-b83bd25782c750e847d3d4beebfc317f av_three_fourth  avia-builder-el-17  el_after_av_heading  avia-builder-el-last  first flex_column_div  '     ><div  class='avia-table av-4d3xpir-dd026710957b5bd81c62caafabc65776 main_color avia-pricing-table-container avia_pricing_default  avia-builder-el-18  avia-builder-el-no-sibling  avia-table-1'  itemscope=\"itemscope\" itemtype=\"https:\/\/schema.org\/Table\" ><div class=\"pricing-table-wrap\"><ul class='pricing-table '><li class='avia-heading-row'><div class='first-table-item'>Cat\u00e9gorie<br \/>\nde<br \/>\nchambres<\/div><span class='pricing-extra'><\/span><\/li><li class=''>Chambre simple<\/li><li class=''>Chambre double<\/li><li class=''>Chambre panorama<\/li><li class='avia-heading-row'>Enfants et lits d\u2018appoint<\/li><li class=''>5 \u2013 8 ans<\/li><li class=''>9 \u2013 14 ans<\/li><li class=''>\u00e0 partir de 14 ans<\/li><\/ul><\/div><div class=\"pricing-table-wrap\"><ul class='pricing-table '><li class='avia-heading-row'><div class='first-table-item'>Hiver\/Printemps<br \/>\n01.01. &#8211; 30.04.21<br \/>\n01.11. &#8211; 31.12.21<\/div><span class='pricing-extra'><\/span><\/li><li class=''>EUR 62,50 &#8211; 83,00<\/li><li class=''>EUR 108,50 &#8211; 152,00<\/li><li class=''>EUR 164,00 &#8211; 184,00<\/li><li class='avia-heading-row'>\u00a0<\/li><li class=''>20,00 EURO<\/li><li class=''>25,00 EURO<\/li><li class=''>35,00 EURO<\/li><\/ul><\/div><div class=\"pricing-table-wrap\"><ul class='pricing-table '><li class='avia-heading-row'><div class='first-table-item'>\u00c9t\u00e9\/Automne<br \/>\n01.05. &#8211; 20.07.21<br \/>\n23.08. &#8211; 31.10.21<\/div><span class='pricing-extra'><\/span><\/li><li class=''>EUR 76,00 &#8211; 99,00<\/li><li class=''>EUR 134,00 &#8211; 179,00<\/li><li class=''>EUR 184,00 &#8211; EUR 204,00<\/li><li class='avia-heading-row'>\u00a0<\/li><li class=''>20,00 EURO<\/li><li class=''>25,00 EURO<\/li><li class=''>45,00 EURO<\/li><\/ul><\/div><\/div><\/div>\n<\/div><\/div><\/div><!-- close content main div --><\/div><\/div><div id='after_section_3'  class='main_color av_default_container_wrap container_wrap fullsize'  ><div class='container av-section-cont-open' ><div class='template-page content  av-content-full alpha units'><div class='post-entry post-entry-type-page post-entry-1203'><div class='entry-content-wrapper clearfix'>\n\n<style type=\"text\/css\" data-created_by=\"avia_inline_auto\" id=\"style-css-av-2ub59er-a399183b4e3e263987fbf7c423c1f39c\">\n#top .hr.av-2ub59er-a399183b4e3e263987fbf7c423c1f39c{\nmargin-top:0;\nmargin-bottom:0;\n}\n.hr.av-2ub59er-a399183b4e3e263987fbf7c423c1f39c .hr-inner{\nwidth:100%;\n}\n<\/style>\n<div  class='hr av-2ub59er-a399183b4e3e263987fbf7c423c1f39c hr-custom  avia-builder-el-19  el_after_av_section  el_before_av_section  avia-builder-el-no-sibling  hr-center hr-icon-no'><span class='hr-inner inner-border-av-border-thin'><span class=\"hr-inner-style\"><\/span><\/span><\/div>\n<\/div><\/div><\/div><!-- close content main div --><\/div><\/div><div id='festspielpreise'  class='avia-section av-2skv3tf-c30ee58b50b50b8db3dbec7f744191c0 main_color avia-section-default avia-no-border-styling  avia-builder-el-20  el_after_av_hr  el_before_av_hr  avia-bg-style-scroll container_wrap fullsize'  ><div class='container av-section-cont-open' ><div class='template-page content  av-content-full alpha units'><div class='post-entry post-entry-type-page post-entry-1203'><div class='entry-content-wrapper clearfix'>\n\n<style type=\"text\/css\" data-created_by=\"avia_inline_auto\" id=\"style-css-av-2y4m8zn-68e286234ab1cbdd4d54c79caa840561\">\n#top .av-special-heading.av-2y4m8zn-68e286234ab1cbdd4d54c79caa840561{\npadding-bottom:10px;\n}\nbody .av-special-heading.av-2y4m8zn-68e286234ab1cbdd4d54c79caa840561 .av-special-heading-tag .heading-char{\nfont-size:25px;\n}\n.av-special-heading.av-2y4m8zn-68e286234ab1cbdd4d54c79caa840561 .av-subheading{\nfont-size:15px;\n}\n<\/style>\n<div  class='av-special-heading av-2y4m8zn-68e286234ab1cbdd4d54c79caa840561 av-special-heading-h2  avia-builder-el-21  el_before_av_three_fourth  avia-builder-el-first '><h2 class='av-special-heading-tag'  itemprop=\"headline\"  >Les prix pendant la p\u00e9riode du festival<\/h2><div class=\"special-heading-border\"><div class=\"special-heading-inner-border\"><\/div><\/div><\/div>\n<div  class='flex_column av-2p7l3w3-f63c49e91777d5f3f6bb7c6dc6102165 av_three_fourth  avia-builder-el-22  el_after_av_heading  avia-builder-el-last  first flex_column_div  '     ><div  class='avia-table av-2mos2pf-97c59019b20f5ee1f2a331a749119688 main_color avia-pricing-table-container avia_pricing_default  avia-builder-el-23  avia-builder-el-no-sibling  avia-table-2'  itemscope=\"itemscope\" itemtype=\"https:\/\/schema.org\/Table\" ><div class=\"pricing-table-wrap\"><ul class='pricing-table '><li class='avia-heading-row'><div class='first-table-item'>Cat\u00e9gorie<br \/>\nde<br \/>\nchambres<\/div><span class='pricing-extra'><\/span><\/li><li class=''>Chambre simple<\/li><li class=''>Chambre double<\/li><li class=''>Chambre panorama<\/li><li class='avia-heading-row'>Enfants et lits d\u2018appoint<\/li><li class=''>5 \u2013 8 ans<\/li><li class=''>9 \u2013 14 ans<\/li><li class=''>\u00e0 partir de 14 ans<\/li><\/ul><\/div><div class=\"pricing-table-wrap\"><ul class='pricing-table '><li class='avia-heading-row'><div class='first-table-item'>Jours avec<br \/>\npr\u00e9sentations<br \/>\n21.07.- 22.08.2021<\/div><span class='pricing-extra'><\/span><\/li><li class=''>EUR 105,00 &#8211; 121,00<\/li><li class=''>EUR 201,00 &#8211; 229,00<\/li><li class=''>EUR 254,00<\/li><li class='avia-heading-row'>\u00a0<\/li><li class=''>30,00 EURO<\/li><li class=''>35,00 EURO<\/li><li class=''>50,00 EURO<\/li><\/ul><\/div><div class=\"pricing-table-wrap\"><ul class='pricing-table '><li class='avia-heading-row'><div class='first-table-item'>Jours sans<br \/>\npr\u00e9sentations<br \/>\n21.07.- 22.08.2021<\/div><span class='pricing-extra'><\/span><\/li><li class=''>EUR 82,00 &#8211; 89,00<\/li><li class=''>EUR 156,00 bis 194,00<\/li><li class=''>EUR 254,00<\/li><li class='avia-heading-row'>\u00a0<\/li><li class=''>20,00 EURO<\/li><li class=''>30,00 EURO<\/li><li class=''>45,00 EURO<\/li><\/ul><\/div><\/div><\/div>\n<\/div><\/div><\/div><!-- close content main div --><\/div><\/div><div id='after_section_4'  class='main_color av_default_container_wrap container_wrap fullsize'  ><div class='container av-section-cont-open' ><div class='template-page content  av-content-full alpha units'><div class='post-entry post-entry-type-page post-entry-1203'><div class='entry-content-wrapper clearfix'>\n\n<style type=\"text\/css\" data-created_by=\"avia_inline_auto\" id=\"style-css-av-1b2r98z-c50cc3876c4fd04a84dc0cdea6c7a044\">\n#top .hr.av-1b2r98z-c50cc3876c4fd04a84dc0cdea6c7a044{\nmargin-top:0;\nmargin-bottom:0;\n}\n.hr.av-1b2r98z-c50cc3876c4fd04a84dc0cdea6c7a044 .hr-inner{\nwidth:100%;\n}\n<\/style>\n<div  class='hr av-1b2r98z-c50cc3876c4fd04a84dc0cdea6c7a044 hr-custom  avia-builder-el-24  el_after_av_section  el_before_av_section  avia-builder-el-no-sibling  hr-center hr-icon-no'><span class='hr-inner inner-border-av-border-thin'><span class=\"hr-inner-style\"><\/span><\/span><\/div>\n<\/div><\/div><\/div><!-- close content main div --><\/div><\/div><div id='kongresspreise'  class='avia-section av-1964mcj-aa71fe7495f1babcc1e7fe1a182d7dd4 main_color avia-section-default avia-no-border-styling  avia-builder-el-25  el_after_av_hr  el_before_av_layout_row  avia-bg-style-scroll container_wrap fullsize'  ><div class='container av-section-cont-open' ><div class='template-page content  av-content-full alpha units'><div class='post-entry post-entry-type-page post-entry-1203'><div class='entry-content-wrapper clearfix'>\n\n<style type=\"text\/css\" data-created_by=\"avia_inline_auto\" id=\"style-css-av-av_heading-bf5d5bc6cb3b72d286b73e5d25372cee\">\n#top .av-special-heading.av-av_heading-bf5d5bc6cb3b72d286b73e5d25372cee{\npadding-bottom:10px;\n}\nbody .av-special-heading.av-av_heading-bf5d5bc6cb3b72d286b73e5d25372cee .av-special-heading-tag .heading-char{\nfont-size:25px;\n}\n.av-special-heading.av-av_heading-bf5d5bc6cb3b72d286b73e5d25372cee .av-subheading{\nfont-size:15px;\n}\n<\/style>\n<div  class='av-special-heading av-av_heading-bf5d5bc6cb3b72d286b73e5d25372cee av-special-heading-h2  avia-builder-el-26  el_before_av_three_fourth  avia-builder-el-first '><h2 class='av-special-heading-tag'  itemprop=\"headline\"  >Les prix de congr\u00e8s<\/h2><div class=\"special-heading-border\"><div class=\"special-heading-inner-border\"><\/div><\/div><\/div>\n<div  class='flex_column av-168ge6r-8daeff2d06470ed1b5e383c019257972 av_three_fourth  avia-builder-el-27  el_after_av_heading  avia-builder-el-last  first flex_column_div  '     ><div  class='avia-table av-157pqg3-16c93efe8d7ef8f356fefedbac60551d main_color avia-pricing-table-container avia_pricing_default  avia-builder-el-28  avia-builder-el-no-sibling  avia-table-3'  itemscope=\"itemscope\" itemtype=\"https:\/\/schema.org\/Table\" ><div class=\"pricing-table-wrap\"><ul class='pricing-table '><li class='avia-heading-row'><div class='first-table-item'>Date<\/div><span class='pricing-extra'><\/span><\/li><li class=''>Chambre simple<\/li><li class=''>Chambre double<\/li><li class=''>Double 1 personne<\/li><li class=''>Chambre Panorama<\/li><\/ul><\/div><div class=\"pricing-table-wrap\"><ul class='pricing-table '><li class='avia-heading-row'><div class='first-table-item'>01.01.21 &#8211; 14.04.21<\/div><span class='pricing-extra'><\/span><\/li><li class=''>EUR 87,00<\/li><li class=''>EUR 141,00<\/li><li class=''><br \/>\nEUR 106,00<br \/><\/li><li class=''>EUR 184,00<\/li><\/ul><\/div><div class=\"pricing-table-wrap\"><ul class='pricing-table '><li class='avia-heading-row'><div class='first-table-item'>15.04.15 &#8211; 14.10.15<\/div><span class='pricing-extra'><\/span><\/li><li class=''>EUR 116,00<\/li><li class=''>EUR 161,00<\/li><li class=''><br \/>\nEUR 126,00<br \/><\/li><li class=''>EUR 194,00<\/li><\/ul><\/div><div class=\"pricing-table-wrap\"><ul class='pricing-table '><li class='avia-heading-row'><div class='first-table-item'>15.10.15 &#8211; 31.12.15<\/div><span class='pricing-extra'><\/span><\/li><li class=''>EUR 87,00<\/li><li class=''>EUR 141,00<\/li><li class=''><br \/>\nEUR 106,00<br \/><\/li><li class=''>EUR 184,00<\/li><\/ul><\/div><div class=\"pricing-table-wrap\"><ul class='pricing-table '><li class='avia-heading-row'><div class='first-table-item'>Eurobike<\/div><span class='pricing-extra'><\/span><\/li><li class=''>EUR 112,00<\/li><li class=''>EUR 177,00<\/li><li class=''><br \/>\nEUR 165,00<br \/><\/li><li class=''>EUR 199,00<\/li><\/ul><\/div><\/div><\/div><\/div><\/div><\/div><!-- close content main div --><\/div><\/div><div id='vegas-background'  class='av-layout-grid-container av-64e9n7-26fd17206c49ba85460395a4d778da85 entry-content-wrapper main_color av-flex-cells  avia-builder-el-29  el_after_av_section  avia-builder-el-last  grid-row-not-first  container_wrap fullsize'  >\n\n<style type=\"text\/css\" data-created_by=\"avia_inline_auto\" id=\"style-css-av-3kwl43-287ae0acdbe562a76e6a9f152fca4f90\">\n.flex_cell.av-3kwl43-287ae0acdbe562a76e6a9f152fca4f90{\nvertical-align:top;\n}\n.responsive #top #wrap_all .flex_cell.av-3kwl43-287ae0acdbe562a76e6a9f152fca4f90{\npadding:0px 0px 0px 0px !important;\n}\n<\/style>\n<div class='flex_cell av-3kwl43-287ae0acdbe562a76e6a9f152fca4f90 av-gridrow-cell av_one_full no_margin  avia-builder-el-30  avia-builder-el-no-sibling  av-zero-padding'  ><div class='flex_cell_inner'><section  class='av_textblock_section av-36nwbn-32bc3f0f89dd5f2d260fad95785001ad '   itemscope=\"itemscope\" itemtype=\"https:\/\/schema.org\/CreativeWork\" ><div class='avia_textblock'  itemprop=\"text\" >\r\n<script>\r\n    jQuery( function() {\r\n    jQuery.vegas('slideshow', {\r\n    delay:5000,\r\n    backgrounds:[{ src:'https:\/\/www.hotel-bodensee.at\/wp-content\/uploads\/2015\/02\/Bodensee-Hotel-009.jpg', fade:1000},{ src:'https:\/\/www.hotel-bodensee.at\/wp-content\/uploads\/2015\/03\/Bodensee-Hotel-009_blur.jpg', fade:1000},] \r\n}) }); \r\n<\/script>\r\n<script>jQuery( function() {jQuery.vegas('pause'); });<\/script>\n<\/div><\/section>\n<\/div><\/div>\n<\/div><\/p>\n","protected":false},"excerpt":{"rendered":"","protected":false},"author":1,"featured_media":0,"parent":0,"menu_order":0,"comment_status":"open","ping_status":"closed","template":"","meta":{"_acf_changed":false,"footnotes":""},"acf":[],"_links":{"self":[{"href":"https:\/\/www.hotel-bodensee.at\/fr\/wp-json\/wp\/v2\/pages\/1203"}],"collection":[{"href":"https:\/\/www.hotel-bodensee.at\/fr\/wp-json\/wp\/v2\/pages"}],"about":[{"href":"https:\/\/www.hotel-bodensee.at\/fr\/wp-json\/wp\/v2\/types\/page"}],"author":[{"embeddable":true,"href":"https:\/\/www.hotel-bodensee.at\/fr\/wp-json\/wp\/v2\/users\/1"}],"replies":[{"embeddable":true,"href":"https:\/\/www.hotel-bodensee.at\/fr\/wp-json\/wp\/v2\/comments?post=1203"}],"version-history":[{"count":22,"href":"https:\/\/www.hotel-bodensee.at\/fr\/wp-json\/wp\/v2\/pages\/1203\/revisions"}],"predecessor-version":[{"id":4470,"href":"https:\/\/www.hotel-bodensee.at\/fr\/wp-json\/wp\/v2\/pages\/1203\/revisions\/4470"}],"wp:attachment":[{"href":"https:\/\/www.hotel-bodensee.at\/fr\/wp-json\/wp\/v2\/media?parent=1203"}],"curies":[{"name":"wp","href":"https:\/\/api.w.org\/{rel}","templated":true}]}}