{"id":1187,"date":"2015-02-23T11:11:41","date_gmt":"2015-02-23T10:11:41","guid":{"rendered":"https:\/\/www.hotel-bodensee.at\/welcome-in-the-center-2\/"},"modified":"2024-04-22T15:11:56","modified_gmt":"2024-04-22T13:11:56","slug":"bienvenue-dans-le-centre-2","status":"publish","type":"page","link":"https:\/\/www.hotel-bodensee.at\/fr\/","title":{"rendered":"Bienvenue dans le centre"},"content":{"rendered":"<div id='av_section_1'  class='avia-section av-vucvxf-f273b44bb29b41b81f315af65ec182b2 alternate_color avia-section-default avia-no-border-styling  avia-builder-el-0  el_before_av_layout_row  avia-builder-el-first  avia-bg-style-scroll av-minimum-height av-minimum-height-50 av-height-50  container_wrap fullsize'   data-av_minimum_height_pc='50' data-av_min_height_opt='50'><div class='container av-section-cont-open' ><main  role=\"main\" itemprop=\"mainContentOfPage\"  class='template-page content  av-content-full alpha units'><div class='post-entry post-entry-type-page post-entry-1187'><div class='entry-content-wrapper clearfix'>\n\n<style type=\"text\/css\" data-created_by=\"avia_inline_auto\" id=\"style-css-av-u74gyb-12cafacf7a24573daee925b486a58f7c\">\n.flex_column.av-u74gyb-12cafacf7a24573daee925b486a58f7c{\nborder-radius:0px 0px 0px 0px;\npadding:0px 0px 0px 0px;\n}\n<\/style>\n<div  class='flex_column av-u74gyb-12cafacf7a24573daee925b486a58f7c av_one_fourth  avia-builder-el-1  el_before_av_two_fifth  avia-builder-el-first  first flex_column_div av-zero-column-padding  '     ><\/div>\n<style type=\"text\/css\" data-created_by=\"avia_inline_auto\" id=\"style-css-av-t96c1f-e3eebd12b6af324ed84e31b78c6dcc3b\">\n.flex_column.av-t96c1f-e3eebd12b6af324ed84e31b78c6dcc3b{\nborder-radius:0px 0px 0px 0px;\npadding:0px 0px 0px 0px;\n}\n<\/style>\n<div  class='flex_column av-t96c1f-e3eebd12b6af324ed84e31b78c6dcc3b av_two_fifth  avia-builder-el-2  el_after_av_one_fourth  avia-builder-el-last  flex_column_div av-zero-column-padding  '     ><style type=\"text\/css\" data-created_by=\"avia_inline_auto\" id=\"style-css-av-2t3uv7-069a9a1ef5843da309207dfaa8411ca7\">\n#top .av-special-heading.av-2t3uv7-069a9a1ef5843da309207dfaa8411ca7{\npadding-bottom:10px;\ncolor:#ffffff;\n}\nbody .av-special-heading.av-2t3uv7-069a9a1ef5843da309207dfaa8411ca7 .av-special-heading-tag .heading-char{\nfont-size:25px;\n}\n.av-special-heading.av-2t3uv7-069a9a1ef5843da309207dfaa8411ca7 .special-heading-inner-border{\nborder-color:#ffffff;\n}\n.av-special-heading.av-2t3uv7-069a9a1ef5843da309207dfaa8411ca7 .av-subheading{\nfont-size:15px;\n}\n<\/style>\n<div  class='av-special-heading av-2t3uv7-069a9a1ef5843da309207dfaa8411ca7 av-special-heading-h1 custom-color-heading  avia-builder-el-3  avia-builder-el-no-sibling  av-thin-font'><h1 class='av-special-heading-tag'  itemprop=\"headline\"  ><strong>Site id\u00e9ale<\/strong><br \/>\nin Bregenz<\/h1><div class=\"special-heading-border\"><div class=\"special-heading-inner-border\"><\/div><\/div><\/div><\/div>\n\n<\/div><\/div><\/main><!-- close content main element --><\/div><\/div><div id='intro_start'  class='av-layout-grid-container av-p5hz5f-81179a0686b1057731046ea460a0e82d entry-content-wrapper alternate_color av-flex-cells  avia-builder-el-4  el_after_av_section  el_before_av_layout_row  grid-row-not-first  container_wrap fullsize'  >\n\n<style type=\"text\/css\" data-created_by=\"avia_inline_auto\" id=\"style-css-av-oo09eb-1f4bb9dea4794af856cf5ee46e1abb37\">\n.flex_cell.av-oo09eb-1f4bb9dea4794af856cf5ee46e1abb37{\nvertical-align:top;\nbackground-color:#ffffff;\n}\n.responsive #top #wrap_all .flex_cell.av-oo09eb-1f4bb9dea4794af856cf5ee46e1abb37{\npadding:25px 25px 25px 25px !important;\n}\n<\/style>\n<div class='flex_cell av-oo09eb-1f4bb9dea4794af856cf5ee46e1abb37 av-gridrow-cell av_one_half no_margin  avia-builder-el-5  el_before_av_cell_one_fourth  avia-builder-el-first '  ><div class='flex_cell_inner'><section  class='av_textblock_section av-mg1bf7-c559f4420941f84d8c38057739e2267a '   itemscope=\"itemscope\" itemtype=\"https:\/\/schema.org\/CreativeWork\" ><div class='avia_textblock'  itemprop=\"text\" ><h2>L\u2019h\u00f4tel situ\u00e9 en m\u00eame temps dans le centre et pr\u00e9s du lac<\/h2>\n<p>Bienvenu \u00e0 Bregenz au bord du lac de Constance dans l\u2019h\u00f4tel qui sait r\u00e9pondre \u00e0 votre bien-\u00eatre!<\/p>\n<p>L\u2019h\u00f4tel Bodensee fait partie des petits h\u00f4tels exquis \u00e0 Bregenz.<br \/>\nVous sentez l\u2019atmosph\u00e8re agr\u00e9able d\u00e9j\u00e0 \u00e0 l\u2019entr\u00e9e.<br \/>\nLe matin nous vous g\u00e2tons avec un grand buffet vari\u00e9 et d\u00e9licieux avec des fruits frais, du caf\u00e9 fra\u00eechement moulu, du muesli, et beaucoup de produits r\u00e9gionaux.<\/p>\n<p>Apr\u00e8s une nuit agr\u00e9able dans votre chambre confortable avec tous ces agr\u00e9ments le nouveau jour commence de cette fa\u00e7on. Vous pourrez passer cette journ\u00e9e &#8211; avec votre famille, des amis ou seul\/e \u2013 dans le paysage magnifique au bord du lac de Constance. Profitez de la vue unique sur la montagne \u00abPf\u00e4nder\u00bb et visitez-y les aigles dans leur station.<\/p>\n<p>Le soir vous pourrez vivre l\u2019art et la culture, par exemple en visitant les \u00abBregenzer Festspiele\u00bb, c\u2019est un festival\/une op\u00e9ra repr\u00e9sent\u00e9\/e sur la sc\u00e8ne sur le lac. Ce festival est le point culminant de la vie culturelle de Bregenz. Ou vous passez une soir\u00e9e passionante dans le casino de Bregenz.<\/p>\n<p>L\u2019\u00e9quipe de l\u2019h\u00f4tel Bodensee est contente d\u2019avoir le plaisir de vous accueillir et g\u00e2ter dans une atmosph\u00e8re chaleureuse et priv\u00e9e. Soyez le bienvenu!<\/p>\n<\/div><\/section><br \/>\n<div  class='flex_column av-k99vsz-66c16ae687fc0cc950ce05f0d510bcf5 av_one_third  avia-builder-el-7  el_after_av_textblock  avia-builder-el-last  first flex_column_div  column-top-margin'     ><div  class='avia-button-wrap avia-button-center  avia-builder-el-8  avia-builder-el-no-sibling '>\n<style type=\"text\/css\" data-created_by=\"avia_inline_auto\" id=\"style-css-av-kjyegvm0-7eba77009b832e89ffd0f0d5c810e1ca\">\n#top #wrap_all .avia-button.av-kjyegvm0-7eba77009b832e89ffd0f0d5c810e1ca{\ncolor:#ffffff;\ntransition:all 0.4s ease-in-out;\n}\n#top #wrap_all .avia-button.av-kjyegvm0-7eba77009b832e89ffd0f0d5c810e1ca:hover{\ncolor:#ffffff;\ntransition:all 0.4s ease-in-out;\n}\n<\/style>\n<a href='https:\/\/www.hotel-bodensee.at\/fr\/les-prix-2\/' class='avia-color-theme-color avia-button avia-button-fullwidth av-kjyegvm0-7eba77009b832e89ffd0f0d5c810e1ca avia-icon_select-yes-left-icon avia-color-theme-color'  ><span class='avia_button_icon avia_button_icon_left' aria-hidden='true' data-av_icon='\ue843' data-av_iconfont='entypo-fontello'><\/span><span class='avia_iconbox_title' >Prix 2021<\/span><span class='avia_button_background avia-button avia-button-fullwidth avia-color-theme-color-subtle'><\/span><\/a><\/div><\/div><\/p>\n<\/div><\/div>\n<style type=\"text\/css\" data-created_by=\"avia_inline_auto\" id=\"style-css-av-j1mdqb-06a62f5f7ac2950aca146387d80d8028\">\n.flex_cell.av-j1mdqb-06a62f5f7ac2950aca146387d80d8028{\nvertical-align:top;\nbackground-color:#ebebeb;\n}\n.responsive #top #wrap_all .flex_cell.av-j1mdqb-06a62f5f7ac2950aca146387d80d8028{\npadding:25px 25px 25px 25px !important;\n}\n<\/style>\n<div class='flex_cell av-j1mdqb-06a62f5f7ac2950aca146387d80d8028 av-gridrow-cell av_one_fourth no_margin  avia-builder-el-9  el_after_av_cell_one_half  el_before_av_cell_one_fourth '  ><div class='flex_cell_inner'><section  class='av_textblock_section av-hilaab-2aaa54444098d41860d5b862749c44a8 '   itemscope=\"itemscope\" itemtype=\"https:\/\/schema.org\/CreativeWork\" ><div class='avia_textblock'  itemprop=\"text\" ><h2>Hotel Bodensee<\/h2>\n<p>Hotel Bodensee GmbH<br \/>\nKornmarktstr. 22<br \/>\n6900 Bregenz, AUSTRIA<\/p>\n<p>\n<style type=\"text\/css\" data-created_by=\"avia_inline_auto\" id=\"style-css-av-fxlo9f-5727c830531d99a930fd4ed2b98fe466\">\n.av_font_icon.av-fxlo9f-5727c830531d99a930fd4ed2b98fe466 .av-icon-char{\nfont-size:20px;\nline-height:20px;\n}\n<\/style>\n<span  class='av_font_icon av-fxlo9f-5727c830531d99a930fd4ed2b98fe466 avia_animate_when_visible av-icon-style- avia-icon-pos-left av-no-color avia-icon-animate'><a href='tel:+43557442300'   class='av-icon-char' aria-hidden='true' data-av_icon='\ue854' data-av_iconfont='entypo-fontello' ><\/a><\/span> <a title=\"Telefon\" href=\"tel:+43557442300\">+43 (0)5574 42300<\/a><\/p>\n<p>\n<style type=\"text\/css\" data-created_by=\"avia_inline_auto\" id=\"style-css-av-dlx76r-e8811e6e4c927040d2fe3e7c77226b21\">\n.av_font_icon.av-dlx76r-e8811e6e4c927040d2fe3e7c77226b21 .av-icon-char{\nfont-size:20px;\nline-height:20px;\n}\n<\/style>\n<span  class='av_font_icon av-dlx76r-e8811e6e4c927040d2fe3e7c77226b21 avia_animate_when_visible av-icon-style- avia-icon-pos-left av-no-color avia-icon-animate'><span class='av-icon-char' aria-hidden='true' data-av_icon='\ue838' data-av_iconfont='entypo-fontello' ><\/span><\/span> +43 (0)5574 45168<\/p>\n<p>\n<style type=\"text\/css\" data-created_by=\"avia_inline_auto\" id=\"style-css-av-br15df-c82ccdb55e084e6f334e8581f8e6fcb1\">\n.av_font_icon.av-br15df-c82ccdb55e084e6f334e8581f8e6fcb1 .av-icon-char{\nfont-size:20px;\nline-height:20px;\n}\n<\/style>\n<span  class='av_font_icon av-br15df-c82ccdb55e084e6f334e8581f8e6fcb1 avia_animate_when_visible av-icon-style- avia-icon-pos-left av-no-color avia-icon-animate'><a href='mailto:<a>info@hotel-bodensee.at <\/a>'   class='av-icon-char' aria-hidden='true' data-av_icon='\ue805' data-av_iconfont='entypo-fontello' ><\/a><\/span> <a title=\"E-Mail\" href=\"mailto:info@hotel-bodensee.at\">info@hotel-bodensee.at<\/a><\/p>\n<\/div><\/section><br \/>\n<br \/>\n<\/p>\n<\/div><\/div>\n<style type=\"text\/css\" data-created_by=\"avia_inline_auto\" id=\"style-css-av-889yoj-1210bb81e43cc72a9d611a46bc4c3f93\">\n.flex_cell.av-889yoj-1210bb81e43cc72a9d611a46bc4c3f93{\nvertical-align:middle;\n}\n.responsive #top #wrap_all .flex_cell.av-889yoj-1210bb81e43cc72a9d611a46bc4c3f93{\npadding:0px 0px 0px 0px !important;\n}\n<\/style>\n<div class='flex_cell av-889yoj-1210bb81e43cc72a9d611a46bc4c3f93 av-gridrow-cell av_one_fourth no_margin  avia-builder-el-16  el_after_av_cell_one_fourth  avia-builder-el-last  av-zero-padding'  ><div class='flex_cell_inner'><\/div><\/div><\/div><div id='vegas-background'  class='av-layout-grid-container av-69tiyb-8c8bed9ffdb8ee24aea8e335cb2c7f82 entry-content-wrapper main_color av-flex-cells  avia-builder-el-17  el_after_av_layout_row  avia-builder-el-last  grid-row-not-first  container_wrap fullsize'  >\n\n<style type=\"text\/css\" data-created_by=\"avia_inline_auto\" id=\"style-css-av-4llqtv-adbf735ff6f41e708a9d6f1bbce27751\">\n.flex_cell.av-4llqtv-adbf735ff6f41e708a9d6f1bbce27751{\nvertical-align:top;\n}\n.responsive #top #wrap_all .flex_cell.av-4llqtv-adbf735ff6f41e708a9d6f1bbce27751{\npadding:0px 0px 0px 0px !important;\n}\n<\/style>\n<div class='flex_cell av-4llqtv-adbf735ff6f41e708a9d6f1bbce27751 av-gridrow-cell av_one_full no_margin  avia-builder-el-18  avia-builder-el-no-sibling  av-zero-padding'  ><div class='flex_cell_inner'><section  class='av_textblock_section av-22bs2r-0a56934fc1bb782f09bd2af6339f46b5 '   itemscope=\"itemscope\" itemtype=\"https:\/\/schema.org\/CreativeWork\" ><div class='avia_textblock'  itemprop=\"text\" >\r\n<script>\r\n    jQuery( function() {\r\n    jQuery.vegas('slideshow', {\r\n    delay:5000,\r\n    backgrounds:[{ src:'https:\/\/www.hotel-bodensee.at\/wp-content\/uploads\/2017\/09\/Aussenansicht_8-2017_04b.jpg', fade:1000},{ src:'https:\/\/www.hotel-bodensee.at\/wp-content\/uploads\/2017\/09\/Aussenansicht_8-2017_04b_.jpg', fade:1000},{ src:'https:\/\/www.hotel-bodensee.at\/wp-content\/uploads\/2017\/09\/Aussenansicht_8-2017_04.jpg', fade:1000},{ src:'https:\/\/www.hotel-bodensee.at\/wp-content\/uploads\/2017\/09\/Aussenansicht_8-2017_04_.jpg', fade:1000},{ src:'https:\/\/www.hotel-bodensee.at\/wp-content\/uploads\/2017\/09\/Aussenansicht_8-2017_03.jpg', fade:1000},{ src:'https:\/\/www.hotel-bodensee.at\/wp-content\/uploads\/2017\/09\/Aussenansicht_8-2017_03_.jpg', fade:1000},{ src:'https:\/\/www.hotel-bodensee.at\/wp-content\/uploads\/2017\/09\/Aussenansicht_8-2017_02.jpg', fade:1000},{ src:'https:\/\/www.hotel-bodensee.at\/wp-content\/uploads\/2017\/09\/Aussenansicht_8-2017_02_.jpg', fade:1000},{ src:'https:\/\/www.hotel-bodensee.at\/wp-content\/uploads\/2017\/09\/Aussenansicht_8-2017_01.jpg', fade:1000},{ src:'https:\/\/www.hotel-bodensee.at\/wp-content\/uploads\/2017\/09\/Aussenansicht_8-2017_01_.jpg', fade:1000},{ src:'https:\/\/www.hotel-bodensee.at\/wp-content\/uploads\/2017\/09\/Aussenansicht_8-2017_05.jpg', fade:1000},{ src:'https:\/\/www.hotel-bodensee.at\/wp-content\/uploads\/2017\/09\/Aussenansicht_8-2017_05.jpg', fade:1000},] \r\n}) }); \r\n<\/script>\r\n<script>jQuery( function() {jQuery.vegas('pause'); });<\/script>\n<\/div><\/section>\n<\/div><\/div>\n<\/div><\/p>\n","protected":false},"excerpt":{"rendered":"","protected":false},"author":1,"featured_media":0,"parent":0,"menu_order":0,"comment_status":"open","ping_status":"closed","template":"","meta":{"_acf_changed":false,"footnotes":""},"acf":[],"_links":{"self":[{"href":"https:\/\/www.hotel-bodensee.at\/fr\/wp-json\/wp\/v2\/pages\/1187"}],"collection":[{"href":"https:\/\/www.hotel-bodensee.at\/fr\/wp-json\/wp\/v2\/pages"}],"about":[{"href":"https:\/\/www.hotel-bodensee.at\/fr\/wp-json\/wp\/v2\/types\/page"}],"author":[{"embeddable":true,"href":"https:\/\/www.hotel-bodensee.at\/fr\/wp-json\/wp\/v2\/users\/1"}],"replies":[{"embeddable":true,"href":"https:\/\/www.hotel-bodensee.at\/fr\/wp-json\/wp\/v2\/comments?post=1187"}],"version-history":[{"count":13,"href":"https:\/\/www.hotel-bodensee.at\/fr\/wp-json\/wp\/v2\/pages\/1187\/revisions"}],"predecessor-version":[{"id":5598,"href":"https:\/\/www.hotel-bodensee.at\/fr\/wp-json\/wp\/v2\/pages\/1187\/revisions\/5598"}],"wp:attachment":[{"href":"https:\/\/www.hotel-bodensee.at\/fr\/wp-json\/wp\/v2\/media?parent=1187"}],"curies":[{"name":"wp","href":"https:\/\/api.w.org\/{rel}","templated":true}]}}